{"id":274,"date":"2016-11-10T16:41:00","date_gmt":"2016-11-10T15:41:00","guid":{"rendered":"https:\/\/oceanwp.org\/architect\/?page_id=274"},"modified":"2024-07-11T07:29:38","modified_gmt":"2024-07-11T05:29:38","slug":"about","status":"publish","type":"page","link":"https:\/\/documenta-asiana.cnr.it\/en\/about\/","title":{"rendered":"About"},"content":{"rendered":"\t\t<div data-elementor-type=\"wp-page\" data-elementor-id=\"274\" class=\"elementor elementor-274\">\n\t\t\t\t\t\t<section class=\"elementor-section elementor-top-section elementor-element elementor-element-a748d93 elementor-section-boxed elementor-section-height-default elementor-section-height-default\" data-id=\"a748d93\" data-element_type=\"section\" data-e-type=\"section\">\n\t\t\t\t\t\t<div class=\"elementor-container elementor-column-gap-wide\">\n\t\t\t\t\t<div class=\"elementor-column elementor-col-33 elementor-top-column elementor-element elementor-element-4254951\" data-id=\"4254951\" data-element_type=\"column\" data-e-type=\"column\">\n\t\t\t<div class=\"elementor-widget-wrap elementor-element-populated\">\n\t\t\t\t\t\t<div class=\"elementor-element elementor-element-e33fd73 elementor-widget elementor-widget-image\" data-id=\"e33fd73\" data-element_type=\"widget\" data-e-type=\"widget\" data-widget_type=\"image.default\">\n\t\t\t\t<div class=\"elementor-widget-container\">\n\t\t\t\t\t\t\t\t\t\t\t\t\t\t\t<img decoding=\"async\" src=\"https:\/\/documenta-asiana.cnr.it\/wp-content\/uploads\/2023\/12\/LOGO-basic-beige.png\" title=\"LOGO-basic beige\" alt=\"LOGO-basic beige\" loading=\"lazy\" \/>\t\t\t\t\t\t\t\t\t\t\t\t\t\t\t<\/div>\n\t\t\t\t<\/div>\n\t\t\t\t\t<\/div>\n\t\t<\/div>\n\t\t\t\t<div class=\"elementor-column elementor-col-66 elementor-top-column elementor-element elementor-element-04134b7\" data-id=\"04134b7\" data-element_type=\"column\" data-e-type=\"column\">\n\t\t\t<div class=\"elementor-widget-wrap elementor-element-populated\">\n\t\t\t\t\t\t<div class=\"elementor-element elementor-element-e617d27 elementor-widget elementor-widget-text-editor\" data-id=\"e617d27\" data-element_type=\"widget\" data-e-type=\"widget\" data-widget_type=\"text-editor.default\">\n\t\t\t\t<div class=\"elementor-widget-container\">\n\t\t\t\t\t\t\t\t\t<p style=\"text-align: justify;\">Fondata a Roma nel 1994 da Mirjo Salvini presso l\u2019allora Istituto per gli Studi Micenei ed Egeo-Anatolici (ISMEA) del Consiglio Nazionale delle Ricerche (CNR), <b>Documenta Asiana \u2013 Collana di studi sull\u2019Anatolia e l\u2019Asia Anteriore antica (DA)<\/b> \u00e8 una serie monografica nata con l\u2019intento di fornire una sede editoriale per la pubblicazione delle ricerche dedicate alle civilt\u00e0 dell\u2019Anatolia preclassica e delle regioni circostanti. A seguito del lungo processo di riorganizzazione del CNR e degli istituti che si occupano di scienze umane e beni culturali, Documenta Asiana \u00e8 oggi una collana peer-reviewed dell\u2019Istituto di Scienze del Patrimonio Culturale (ISPC), stampata da Edizioni Quasar e diretta da Silvia Alaura con il supporto di un comitato editoriale e l\u2019assistenza di un consiglio scientifico composto da studiosi di fama internazionale.<\/p>\t\t\t\t\t\t\t\t<\/div>\n\t\t\t\t<\/div>\n\t\t\t\t\t<\/div>\n\t\t<\/div>\n\t\t\t\t\t<\/div>\n\t\t<\/section>\n\t\t\t\t<section class=\"elementor-section elementor-top-section elementor-element elementor-element-5fbef32 elementor-section-boxed elementor-section-height-default elementor-section-height-default\" data-id=\"5fbef32\" data-element_type=\"section\" data-e-type=\"section\">\n\t\t\t\t\t\t<div class=\"elementor-container elementor-column-gap-default\">\n\t\t\t\t\t<div class=\"elementor-column elementor-col-100 elementor-top-column elementor-element elementor-element-12b5bf2\" data-id=\"12b5bf2\" data-element_type=\"column\" data-e-type=\"column\">\n\t\t\t<div class=\"elementor-widget-wrap elementor-element-populated\">\n\t\t\t\t\t\t<div class=\"elementor-element elementor-element-219dcd8 elementor-widget-divider--view-line elementor-widget elementor-widget-divider\" data-id=\"219dcd8\" data-element_type=\"widget\" data-e-type=\"widget\" data-widget_type=\"divider.default\">\n\t\t\t\t<div class=\"elementor-widget-container\">\n\t\t\t\t\t\t\t<div class=\"elementor-divider\">\n\t\t\t<span class=\"elementor-divider-separator\">\n\t\t\t\t\t\t<\/span>\n\t\t<\/div>\n\t\t\t\t\t\t<\/div>\n\t\t\t\t<\/div>\n\t\t\t\t\t<\/div>\n\t\t<\/div>\n\t\t\t\t\t<\/div>\n\t\t<\/section>\n\t\t\t\t<section class=\"elementor-section elementor-top-section elementor-element elementor-element-cc1936c elementor-section-boxed elementor-section-height-default elementor-section-height-default\" data-id=\"cc1936c\" data-element_type=\"section\" data-e-type=\"section\">\n\t\t\t\t\t\t<div class=\"elementor-container elementor-column-gap-default\">\n\t\t\t\t\t<div class=\"elementor-column elementor-col-100 elementor-top-column elementor-element elementor-element-57036ef\" data-id=\"57036ef\" data-element_type=\"column\" data-e-type=\"column\">\n\t\t\t<div class=\"elementor-widget-wrap elementor-element-populated\">\n\t\t\t\t\t\t<div class=\"elementor-element elementor-element-269f2c0 elementor-widget elementor-widget-heading\" data-id=\"269f2c0\" data-element_type=\"widget\" data-e-type=\"widget\" data-widget_type=\"heading.default\">\n\t\t\t\t<div class=\"elementor-widget-container\">\n\t\t\t\t\t<h2 class=\"elementor-heading-title elementor-size-large\">EDITORIALE di Mirjo Salvini in Documenta Asiana I (1994)<\/h2>\t\t\t\t<\/div>\n\t\t\t\t<\/div>\n\t\t\t\t\t<\/div>\n\t\t<\/div>\n\t\t\t\t\t<\/div>\n\t\t<\/section>\n\t\t\t\t<section class=\"elementor-section elementor-top-section elementor-element elementor-element-c8c63e8 elementor-section-boxed elementor-section-height-default elementor-section-height-default\" data-id=\"c8c63e8\" data-element_type=\"section\" data-e-type=\"section\">\n\t\t\t\t\t\t<div class=\"elementor-container elementor-column-gap-default\">\n\t\t\t\t\t<div class=\"elementor-column elementor-col-100 elementor-top-column elementor-element elementor-element-135ce3a\" data-id=\"135ce3a\" data-element_type=\"column\" data-e-type=\"column\">\n\t\t\t<div class=\"elementor-widget-wrap elementor-element-populated\">\n\t\t\t\t\t\t<div class=\"elementor-element elementor-element-7f48aeb elementor-widget elementor-widget-spacer\" data-id=\"7f48aeb\" data-element_type=\"widget\" data-e-type=\"widget\" data-widget_type=\"spacer.default\">\n\t\t\t\t<div class=\"elementor-widget-container\">\n\t\t\t\t\t\t\t<div class=\"elementor-spacer\">\n\t\t\t<div class=\"elementor-spacer-inner\"><\/div>\n\t\t<\/div>\n\t\t\t\t\t\t<\/div>\n\t\t\t\t<\/div>\n\t\t\t\t\t<\/div>\n\t\t<\/div>\n\t\t\t\t\t<\/div>\n\t\t<\/section>\n\t\t\t\t<section class=\"elementor-section elementor-top-section elementor-element elementor-element-2e33228 elementor-section-boxed elementor-section-height-default elementor-section-height-default\" data-id=\"2e33228\" data-element_type=\"section\" data-e-type=\"section\">\n\t\t\t\t\t\t<div class=\"elementor-container elementor-column-gap-default\">\n\t\t\t\t\t<div class=\"elementor-column elementor-col-50 elementor-top-column elementor-element elementor-element-2a0372e\" data-id=\"2a0372e\" data-element_type=\"column\" data-e-type=\"column\">\n\t\t\t<div class=\"elementor-widget-wrap elementor-element-populated\">\n\t\t\t\t\t\t<div class=\"elementor-element elementor-element-2ae038c elementor-widget__width-initial elementor-widget elementor-widget-image\" data-id=\"2ae038c\" data-element_type=\"widget\" data-e-type=\"widget\" data-widget_type=\"image.default\">\n\t\t\t\t<div class=\"elementor-widget-container\">\n\t\t\t\t\t\t\t\t\t\t\t\t\t\t\t<img fetchpriority=\"high\" decoding=\"async\" width=\"741\" height=\"1024\" src=\"https:\/\/documenta-asiana.cnr.it\/wp-content\/uploads\/2022\/06\/D.A.-01-1994-1x1-1-e1702038011403-741x1024.jpg\" class=\"attachment-large size-large wp-image-819\" alt=\"\" srcset=\"https:\/\/documenta-asiana.cnr.it\/wp-content\/uploads\/2022\/06\/D.A.-01-1994-1x1-1-e1702038011403-741x1024.jpg 741w, https:\/\/documenta-asiana.cnr.it\/wp-content\/uploads\/2022\/06\/D.A.-01-1994-1x1-1-e1702038011403-217x300.jpg 217w, https:\/\/documenta-asiana.cnr.it\/wp-content\/uploads\/2022\/06\/D.A.-01-1994-1x1-1-e1702038011403-768x1061.jpg 768w, https:\/\/documenta-asiana.cnr.it\/wp-content\/uploads\/2022\/06\/D.A.-01-1994-1x1-1-e1702038011403-9x12.jpg 9w, https:\/\/documenta-asiana.cnr.it\/wp-content\/uploads\/2022\/06\/D.A.-01-1994-1x1-1-e1702038011403.jpg 782w\" sizes=\"(max-width: 741px) 100vw, 741px\" \/>\t\t\t\t\t\t\t\t\t\t\t\t\t\t\t<\/div>\n\t\t\t\t<\/div>\n\t\t\t\t\t<\/div>\n\t\t<\/div>\n\t\t\t\t<div class=\"elementor-column elementor-col-50 elementor-top-column elementor-element elementor-element-1d48412\" data-id=\"1d48412\" data-element_type=\"column\" data-e-type=\"column\">\n\t\t\t<div class=\"elementor-widget-wrap elementor-element-populated\">\n\t\t\t\t\t\t<div class=\"elementor-element elementor-element-1de2a73 elementor-widget__width-initial elementor-widget elementor-widget-text-editor\" data-id=\"1de2a73\" data-element_type=\"widget\" data-e-type=\"widget\" data-widget_type=\"text-editor.default\">\n\t\t\t\t<div class=\"elementor-widget-container\">\n\t\t\t\t\t\t\t\t\t<p style=\"text-align: justify;\">Questa nuova serie di monografie intende offrire una sede pi\u00f9 idonea a risultati di studi e ricerche dedicate alle civilt\u00e0 dell\u2019Anatolia preclassica e delle aree culturali dell\u2019Asia Anteriore antica, ad essa strettamente collegate. In passato tali contributi orientalistici avevano trovato posto negli <em>Incunabula Graeca<\/em>, accanto ad opere sul mondo minoico, miceneo, greco arcaico. Le due serie si svilupperanno d\u2019ora in avanti parallelamente, accogliendo opere dei due versanti disciplinari in cui si articolano gli interessi scientifici dell\u2019Istituto. La rivista <em>Studi Micenei ed Egeo-Anatolici<\/em> (<em>SMEA<\/em>) assicurer\u00e0 anche in futuro quella funzione di tramite fra Oriente e Occidente che le \u00e8 stata propria in passato. In questo periodo, in cui si avverte come non mai la necessit\u00e0 di riorganizzazione e di un forte rilancio della ricerca, credo che uno sforzo di apertura culturale a scuole diverse tra loro possa contribuire a mantenere alto il livello del dibattito scientifico nel nostro settore.<br><br>\nL\u2019Anatolia e l\u2019Asia Anteriore pi\u00f9 in generale sono aree culturali che ci hanno abituato negli ultimi anni a non stupirci pi\u00f9 della quantit\u00e0 e qualit\u00e0 delle scoperte che si succedono. Basti ricordare alcune scoperte recenti di singoli documenti storici significativi dalla capitale ittita \u1e2aattu\u0161a (Bo\u01e7azk\u00f6y), come la bilingue hurrico-ittita che ha dato nuovo impulso agli studi hurritologici, o la splendida tavola di bronzo con il testo di un trattato internazionale, o, ancora, la spada \u201casiana\u201d (in quanto proveniente da A\u0161\u0161uwa), testimone dei rapporti fra Ittiti e mondo egeo alla fine del XV secolo a. C.<\/p>\t\t\t\t\t\t\t\t<\/div>\n\t\t\t\t<\/div>\n\t\t\t\t\t<\/div>\n\t\t<\/div>\n\t\t\t\t\t<\/div>\n\t\t<\/section>\n\t\t\t\t<section class=\"elementor-section elementor-top-section elementor-element elementor-element-efd46f0 elementor-section-boxed elementor-section-height-default elementor-section-height-default\" data-id=\"efd46f0\" data-element_type=\"section\" data-e-type=\"section\">\n\t\t\t\t\t\t<div class=\"elementor-container elementor-column-gap-default\">\n\t\t\t\t\t<div class=\"elementor-column elementor-col-100 elementor-top-column elementor-element elementor-element-752d0ef\" data-id=\"752d0ef\" data-element_type=\"column\" data-e-type=\"column\">\n\t\t\t<div class=\"elementor-widget-wrap elementor-element-populated\">\n\t\t\t\t\t\t<div class=\"elementor-element elementor-element-006b1cd elementor-widget elementor-widget-text-editor\" data-id=\"006b1cd\" data-element_type=\"widget\" data-e-type=\"widget\" data-widget_type=\"text-editor.default\">\n\t\t\t\t<div class=\"elementor-widget-container\">\n\t\t\t\t\t\t\t\t\t<p style=\"text-align: justify;\">Ma le cronache archeologiche annuali annunciano regolarmente scoperte di interi archiv\u00ee cuneiformi, e non solo cuneiformi: ancora Bo\u01e7azk\u00f6y ci restituisce migliaja di bulle d\u2019argilla con impronte di sigilli reali ittiti bigrafi, in cuneiforme e geroglifico. Non meno ricca \u00e8 la messe sul piano pi\u00f9 strettamente archeologico, ch\u00e9 ad esso egualmente si rivolgono i <em>Documenta Asiana<\/em>. [\u2026]<\/p>\n\n<p style=\"text-align: justify;\">Il risultato \u00e8 per l\u2019Orientalista un accrescimento continuo \u2013 quasi a dismisura in determinati settori \u2013 del materiale di studio. Ma questo mette anche in nuova luce quanto gi\u00e0 si conosceva e giace da tempo nei musei o in vecchie pubblicazioni, e diviene impulso a compiere nuove analisi, a ricercare nuove interpretazioni di antichi dati, a raccogliere in \u201ccorpora\u201d gruppi di documenti.<\/p>\n\n<p style=\"text-align: justify;\">In accordo con assonanze storiche evocate dal titolo scelto per questa collana, nessuna opera poteva inaugurarne meglio la serie di volumi che il presente studio di Florence Malbran-Labat. I Persiani Achemenidi sono infatti per il mondo greco gli \u02bcA\u03c3\u03b9\u03b1\u03bd\u03bf\u03af per antonomasia. Attraverso un\u2019analisi che li concerne entriamo dunque ufficialmente in quel mondo, che fu la sintesi di tutte le esperienze politiche e culturali dell\u2019Asia Anteriore. Ma anche dal punto di vista della storia degli studi riandiamo con essa alle tappe pi\u00f9 antiche di quell\u2019avventura appassionante dell\u2019intelligenza umana che \u00e8 stata la lunga storia della decifrazione della scrittura cuneiforme. Di questa il documento trilingue copiato da H.C. Rawlinson fra il 1836 e il 1847 a Bis\u016bt\u016bn (Behistun), la \u201cRupe degli d\u00e8i\u201d (Baga-stana) persiana, fu una tappa fondamentale.<\/p>\n\n<p style=\"text-align: justify;\">F. Malbran-Labat pubblica in <em>Documenta Asiana<\/em> uno studio approfondito della versione babilonese di questo monumento importantissimo, ne costituisce una grammatica assai analitica (cui seguono testo traduzione e glossario), entrando nello spirito del testo fino a cogliere gli elementi di vitalit\u00e0 di una lingua accadica particolare, in una fase tarda della sua evoluzione, alla quale non sono estranee influenze degli altri idiomi parlati nell\u2019Impero Achemenide, l\u2019aramaico e l\u2019elamita.<\/p>\n\n<p style=\"text-align: justify;\">Roma, 31 gennajo 1994<\/p>\n<p style=\"text-align: justify;\">Mirjo Salvini<\/p>\t\t\t\t\t\t\t\t<\/div>\n\t\t\t\t<\/div>\n\t\t\t\t\t<\/div>\n\t\t<\/div>\n\t\t\t\t\t<\/div>\n\t\t<\/section>\n\t\t\t\t<section class=\"elementor-section elementor-top-section elementor-element elementor-element-e881953 elementor-section-boxed elementor-section-height-default elementor-section-height-default\" data-id=\"e881953\" data-element_type=\"section\" data-e-type=\"section\">\n\t\t\t\t\t\t<div class=\"elementor-container elementor-column-gap-default\">\n\t\t\t\t\t<div class=\"elementor-column elementor-col-100 elementor-top-column elementor-element elementor-element-2b489e1\" data-id=\"2b489e1\" data-element_type=\"column\" data-e-type=\"column\">\n\t\t\t<div class=\"elementor-widget-wrap elementor-element-populated\">\n\t\t\t\t\t\t<div class=\"elementor-element elementor-element-b66ba6e elementor-widget elementor-widget-spacer\" data-id=\"b66ba6e\" data-element_type=\"widget\" data-e-type=\"widget\" data-widget_type=\"spacer.default\">\n\t\t\t\t<div class=\"elementor-widget-container\">\n\t\t\t\t\t\t\t<div class=\"elementor-spacer\">\n\t\t\t<div class=\"elementor-spacer-inner\"><\/div>\n\t\t<\/div>\n\t\t\t\t\t\t<\/div>\n\t\t\t\t<\/div>\n\t\t\t\t\t<\/div>\n\t\t<\/div>\n\t\t\t\t\t<\/div>\n\t\t<\/section>\n\t\t\t\t<\/div>\n\t\t","protected":false},"excerpt":{"rendered":"<p>Fondata a Roma nel 1994 da Mirjo Salvini presso l\u2019allora Istituto per gli Studi Micenei ed Egeo-Anatolici (ISMEA) del Consiglio Nazionale delle Ricerche (CNR), Documenta Asiana \u2013 Collana di studi sull\u2019Anatolia e l\u2019Asia Anteriore antica (DA) \u00e8 una serie monografica nata con l\u2019intento di fornire una sede editoriale per la pubblicazione delle ricerche dedicate alle [&hellip;]<\/p>\n","protected":false},"author":1,"featured_media":0,"parent":0,"menu_order":0,"comment_status":"closed","ping_status":"closed","template":"","meta":{"ocean_post_layout":"full-screen","ocean_both_sidebars_style":"","ocean_both_sidebars_content_width":0,"ocean_both_sidebars_sidebars_width":0,"ocean_sidebar":"","ocean_second_sidebar":"","ocean_disable_margins":"on","ocean_add_body_class":"","ocean_shortcode_before_top_bar":"","ocean_shortcode_after_top_bar":"","ocean_shortcode_before_header":"","ocean_shortcode_after_header":"","ocean_has_shortcode":"","ocean_shortcode_after_title":"","ocean_shortcode_before_footer_widgets":"","ocean_shortcode_after_footer_widgets":"","ocean_shortcode_before_footer_bottom":"","ocean_shortcode_after_footer_bottom":"","ocean_display_top_bar":"default","ocean_display_header":"default","ocean_header_style":"","ocean_center_header_left_menu":"","ocean_custom_header_template":"","ocean_custom_logo":0,"ocean_custom_retina_logo":0,"ocean_custom_logo_max_width":0,"ocean_custom_logo_tablet_max_width":0,"ocean_custom_logo_mobile_max_width":0,"ocean_custom_logo_max_height":0,"ocean_custom_logo_tablet_max_height":0,"ocean_custom_logo_mobile_max_height":0,"ocean_header_custom_menu":"","ocean_menu_typo_font_family":"","ocean_menu_typo_font_subset":"","ocean_menu_typo_font_size":0,"ocean_menu_typo_font_size_tablet":0,"ocean_menu_typo_font_size_mobile":0,"ocean_menu_typo_font_size_unit":"px","ocean_menu_typo_font_weight":"","ocean_menu_typo_font_weight_tablet":"","ocean_menu_typo_font_weight_mobile":"","ocean_menu_typo_transform":"","ocean_menu_typo_transform_tablet":"","ocean_menu_typo_transform_mobile":"","ocean_menu_typo_line_height":0,"ocean_menu_typo_line_height_tablet":0,"ocean_menu_typo_line_height_mobile":0,"ocean_menu_typo_line_height_unit":"","ocean_menu_typo_spacing":0,"ocean_menu_typo_spacing_tablet":0,"ocean_menu_typo_spacing_mobile":0,"ocean_menu_typo_spacing_unit":"","ocean_menu_link_color":"","ocean_menu_link_color_hover":"","ocean_menu_link_color_active":"","ocean_menu_link_background":"","ocean_menu_link_hover_background":"","ocean_menu_link_active_background":"","ocean_menu_social_links_bg":"","ocean_menu_social_hover_links_bg":"","ocean_menu_social_links_color":"","ocean_menu_social_hover_links_color":"","ocean_disable_title":"default","ocean_disable_heading":"default","ocean_post_title":"","ocean_post_subheading":"","ocean_post_title_style":"","ocean_post_title_background_color":"","ocean_post_title_background":0,"ocean_post_title_bg_image_position":"","ocean_post_title_bg_image_attachment":"","ocean_post_title_bg_image_repeat":"","ocean_post_title_bg_image_size":"","ocean_post_title_height":0,"ocean_post_title_bg_overlay":0.5,"ocean_post_title_bg_overlay_color":"","ocean_disable_breadcrumbs":"default","ocean_breadcrumbs_color":"","ocean_breadcrumbs_separator_color":"","ocean_breadcrumbs_links_color":"","ocean_breadcrumbs_links_hover_color":"","ocean_display_footer_widgets":"default","ocean_display_footer_bottom":"default","ocean_custom_footer_template":"","footnotes":""},"class_list":["post-274","page","type-page","status-publish","hentry","entry"],"_links":{"self":[{"href":"https:\/\/documenta-asiana.cnr.it\/en\/wp-json\/wp\/v2\/pages\/274","targetHints":{"allow":["GET"]}}],"collection":[{"href":"https:\/\/documenta-asiana.cnr.it\/en\/wp-json\/wp\/v2\/pages"}],"about":[{"href":"https:\/\/documenta-asiana.cnr.it\/en\/wp-json\/wp\/v2\/types\/page"}],"author":[{"embeddable":true,"href":"https:\/\/documenta-asiana.cnr.it\/en\/wp-json\/wp\/v2\/users\/1"}],"replies":[{"embeddable":true,"href":"https:\/\/documenta-asiana.cnr.it\/en\/wp-json\/wp\/v2\/comments?post=274"}],"version-history":[{"count":37,"href":"https:\/\/documenta-asiana.cnr.it\/en\/wp-json\/wp\/v2\/pages\/274\/revisions"}],"predecessor-version":[{"id":1959,"href":"https:\/\/documenta-asiana.cnr.it\/en\/wp-json\/wp\/v2\/pages\/274\/revisions\/1959"}],"wp:attachment":[{"href":"https:\/\/documenta-asiana.cnr.it\/en\/wp-json\/wp\/v2\/media?parent=274"}],"curies":[{"name":"wp","href":"https:\/\/api.w.org\/{rel}","templated":true}]}}